{"id":15,"date":"2020-06-01T14:15:51","date_gmt":"2020-06-01T14:15:51","guid":{"rendered":"http:\/\/jensen-gebhardt.com\/?page_id=15"},"modified":"2021-03-25T13:03:19","modified_gmt":"2021-03-25T13:03:19","slug":"jensen-und-gebhardt-immobilien","status":"publish","type":"page","link":"https:\/\/jensen-gebhardt.de\/","title":{"rendered":"Willkommen bei Jensen und Gebhardt Immobilien"},"content":{"rendered":"\n<p> Wir sind auf der st\u00e4ndigen Suche nach interessanten Immobilienobjekten wie Eigentumswohnungen, Doppelhaush\u00e4lften oder Mehrfamilienh\u00e4usern haupts\u00e4chlich in den Regionen Braunschweig, Wolfenb\u00fcttel und Hannover. Wenn Sie ein Objekt in einer anderen Region verkaufen m\u00f6chten, kontaktieren Sie uns bitte trotzdem.<\/p>\n\n\n\n<p>Insbesondere  sind wir auf der Suche nach renovierungs- und sanierungsbed\u00fcrftigen  Objekten.<\/p>\n\n\n\n<p><strong>Wir bevorzugen diskreten und pers\u00f6nlichen Kontakt sowie private K\u00e4ufe ohne Makler.<\/strong><\/p>\n\n\n\n<p><a href=\"mailto:info@jensen-gebhardt.de?subject=Kontaktaufnahme%20Immobilienverkauf&amp;body=Zur%20pers\u00f6nlichen%20Kontaktaufnahme%20rufen%20Sie%20uns%20unter%20053170137361%20an%20oder%20teilen%20Sie%20uns%20bitte%20Ihre%20Telefonnummer%20mit,%20danke.\">Sie m\u00f6chten Ihre Immobilie verkaufen? Dann schreiben Sie uns gerne eine E-Mail, wir w\u00fcrden uns umgehend bei Ihnen telefonisch melden.<\/a><\/p>\n\n\n\n<p>Vielen Dank und wir freuen uns von Ihnen zu h\u00f6ren,<\/p>\n\n\n\n<p>Ihr Magnus Jensen und David Gebhardt<\/p>\n","protected":false},"excerpt":{"rendered":"<p>Wir sind auf der st\u00e4ndigen Suche nach interessanten Immobilienobjekten wie Eigentumswohnungen, Doppelhaush\u00e4lften oder Mehrfamilienh\u00e4usern haupts\u00e4chlich in den Regionen Braunschweig, Wolfenb\u00fcttel und Hannover. Wenn Sie ein Objekt in einer anderen Region verkaufen m\u00f6chten, kontaktieren Sie uns bitte trotzdem. Insbesondere sind wir auf der Suche nach renovierungs- und sanierungsbed\u00fcrftigen Objekten. Wir bevorzugen diskreten und pers\u00f6nlichen Kontakt sowie &hellip; <\/p>\n<p class=\"link-more\"><a href=\"https:\/\/jensen-gebhardt.de\/\" class=\"more-link\"><span class=\"screen-reader-text\">\u201eWillkommen bei Jensen und Gebhardt Immobilien\u201c <\/span>weiterlesen<\/a><\/p>\n","protected":false},"author":1,"featured_media":0,"parent":0,"menu_order":0,"comment_status":"closed","ping_status":"closed","template":"","meta":{"footnotes":""},"class_list":["post-15","page","type-page","status-publish","hentry"],"_links":{"self":[{"href":"https:\/\/jensen-gebhardt.de\/index.php?rest_route=\/wp\/v2\/pages\/15","targetHints":{"allow":["GET"]}}],"collection":[{"href":"https:\/\/jensen-gebhardt.de\/index.php?rest_route=\/wp\/v2\/pages"}],"about":[{"href":"https:\/\/jensen-gebhardt.de\/index.php?rest_route=\/wp\/v2\/types\/page"}],"author":[{"embeddable":true,"href":"https:\/\/jensen-gebhardt.de\/index.php?rest_route=\/wp\/v2\/users\/1"}],"replies":[{"embeddable":true,"href":"https:\/\/jensen-gebhardt.de\/index.php?rest_route=%2Fwp%2Fv2%2Fcomments&post=15"}],"version-history":[{"count":22,"href":"https:\/\/jensen-gebhardt.de\/index.php?rest_route=\/wp\/v2\/pages\/15\/revisions"}],"predecessor-version":[{"id":63,"href":"https:\/\/jensen-gebhardt.de\/index.php?rest_route=\/wp\/v2\/pages\/15\/revisions\/63"}],"wp:attachment":[{"href":"https:\/\/jensen-gebhardt.de\/index.php?rest_route=%2Fwp%2Fv2%2Fmedia&parent=15"}],"curies":[{"name":"wp","href":"https:\/\/api.w.org\/{rel}","templated":true}]}}